{"id":75,"date":"2023-10-25T23:05:05","date_gmt":"2023-10-25T21:05:05","guid":{"rendered":"http:\/\/wp1052749.server-he.de\/_clients\/vtheater\/?page_id=75"},"modified":"2024-09-28T12:09:19","modified_gmt":"2024-09-28T10:09:19","slug":"press","status":"publish","type":"page","link":"https:\/\/vtheater.net\/index.php\/press\/","title":{"rendered":"Pressestimmen"},"content":{"rendered":"\n<p>Hier finden Sie eine Auswahl von Pressestimmen zu den CyberR\u00e4ubern allgemein. Pressestimmen zu bestimmten Projekten befinden sich bei den Projektbeitr\u00e4gen.<br><\/p>\n\n\n\n<p><strong><em>&#8222;Seit 2016 arbeiten Marcel Karnapke und Bj\u00f6rn Lengers unter dem Namen CyberR\u00e4uber Grenzen sprengend an der Entwicklung digitaler Formate f\u00fcr Theater und Museen.&#8220;<\/em><\/strong><br>Die deutsche B\u00fchne<\/p>\n\n\n\n<p><em><strong>&#8222;Die CyberR\u00e4uber kreieren Hyperb\u00fchnen, in denen sich virtuelle und erweiterte Realit\u00e4t sowie K\u00fcnstliche Intelligenz mit konventionellem Theater verbinden.&#8220;<\/strong><\/em><br>Theater der Zeit<\/p>\n\n\n\n<p><em><strong>&#8222;In ihren Projekten gehen Kunst- und Kulturschaffende oft technisch \u00fcber das hinaus, was die Herstellerinnen und Hersteller der Brillen f\u00fcr m\u00f6glich halten. Die VR-K\u00fcnstler Marcel Karnapke und Bj\u00f6rn Lengers aka CyberR\u00e4uber erkunden mit ihren immersiven Installationen und Tanzperformances die Grenzen der Mixed Reality \u2013 f\u00fcr Performende und Publikum gleicherma\u00dfen. Ein Beispiel: Ihr Cyberballet ist eine theatrale Installation, die Tanz in die virtuelle Realit\u00e4t \u00fcbertr\u00e4gt und einer K\u00fcnstlichen Intelligenz beibringt, sich zu bewegen.&#8220;<\/strong><\/em><br>Konrad Adenauer Stiftung<\/p>\n\n\n\n<p><em><strong>&#8222;Das Regie- und K\u00fcnstlerduo forscht am Theater der Zukunft&#8220;<\/strong><\/em><br>Ober\u00f6sterreichisches Volksblatt<\/p>\n\n\n\n<p><strong><em>&#8222;Erstens: (Die CyberR\u00e4uber) lieben das Theater, glauben daran und wollen es weder abschaffen noch digital ersetzen. Zweitens \u2013 und damit landen wir mitten im philosophischen Kern ihrer Arbeit \u2013 sind sie sich der Gefahren und Potenziale ihrer medientechnischen Kunst v\u00f6llig bewusst. (&#8230;) die zwei sind realistisch und geduldig, was die Nachhaltigkeit ihrer Pionierarbeit angeht.&#8220;<\/em><\/strong><br>Die deutsche B\u00fchne<\/p>\n\n\n\n<p><strong><em>&#8222;Sie holen die kreative Kraft K\u00fcnstlicher Intelligenz auf die B\u00fchne und erforschen, wie weit man die F\u00e4higkeiten der neuronalen Netzwerke im Theater treiben kann.&#8220;<\/em><\/strong><br>Theater der Zeit<\/p>\n\n\n\n<p><strong><em>&#8222;Ein Meisterwerk von digitalem Schmuckk\u00e4stchen&#8220;<br>&#8222;Ich war vollkommen verbl\u00fcfft, es funktioniert. (\u2026) Sehr feinsinnig, sehr klug (\u2026) Man ist mittendrin, wird reingezogen\u00a0und f\u00e4ngt dadurch eben auch an, sich selbst zu befragen.&#8220;<br>&#8222;Ich habe in der Coronazeit kein digitales Festival erlebt, das den realen und virtuellen Raum so gut zu verkn\u00fcpfen wei\u00df.&#8220;<\/em><\/strong><br>Verschiedene Stimmen zur Digitalen Festivalplattform radarost.digital<\/p>\n\n\n\n<p><strong><em>&#8222;Die CyberR\u00e4uber sind an den spannendsten VR-Experimenten am Theater beteiligt.&#8220;<\/em><\/strong><br>Berliner Morgenpost<\/p>\n\n\n\n<p><strong><em>&#8222;(Die CyberR\u00e4uber) zeichnet eine wohl einzigartige Mischung aus Technologieaffinit\u00e4t, Pioniergeist, Pragmatismus und Liebe zum Theater aus.&#8220;<\/em><\/strong><br>Theater der Zeit<\/p>\n","protected":false},"excerpt":{"rendered":"<p class=\"post-excerpt\">Hier finden Sie eine Auswahl von Pressestimmen zu den CyberR\u00e4ubern allgemein. Pressestimmen zu bestimmten Projekten befinden sich bei den Projektbeitr\u00e4gen&#8230;.<\/p>\n","protected":false},"author":1,"featured_media":0,"parent":0,"menu_order":0,"comment_status":"closed","ping_status":"closed","template":"","meta":{"footnotes":""},"class_list":["post-75","page","type-page","status-publish","hentry"],"_links":{"self":[{"href":"https:\/\/vtheater.net\/index.php\/wp-json\/wp\/v2\/pages\/75","targetHints":{"allow":["GET"]}}],"collection":[{"href":"https:\/\/vtheater.net\/index.php\/wp-json\/wp\/v2\/pages"}],"about":[{"href":"https:\/\/vtheater.net\/index.php\/wp-json\/wp\/v2\/types\/page"}],"author":[{"embeddable":true,"href":"https:\/\/vtheater.net\/index.php\/wp-json\/wp\/v2\/users\/1"}],"replies":[{"embeddable":true,"href":"https:\/\/vtheater.net\/index.php\/wp-json\/wp\/v2\/comments?post=75"}],"version-history":[{"count":16,"href":"https:\/\/vtheater.net\/index.php\/wp-json\/wp\/v2\/pages\/75\/revisions"}],"predecessor-version":[{"id":591,"href":"https:\/\/vtheater.net\/index.php\/wp-json\/wp\/v2\/pages\/75\/revisions\/591"}],"wp:attachment":[{"href":"https:\/\/vtheater.net\/index.php\/wp-json\/wp\/v2\/media?parent=75"}],"curies":[{"name":"wp","href":"https:\/\/api.w.org\/{rel}","templated":true}]}}