{"id":8,"date":"2023-10-25T21:10:25","date_gmt":"2023-10-25T19:10:25","guid":{"rendered":"http:\/\/wp1052749.server-he.de\/_clients\/vtheater\/?page_id=8"},"modified":"2024-05-05T19:04:02","modified_gmt":"2024-05-05T17:04:02","slug":"about","status":"publish","type":"page","link":"https:\/\/vtheater.net\/index.php\/about\/","title":{"rendered":"\u00dcber uns"},"content":{"rendered":"\n<p>Marcel Karnapke und Bj\u00f6rn Lengers arbeiten seit 2016 unter dem Namen CyberR\u00e4uber als <em>digital performing arts collective<\/em> zusammen. <\/p>\n\n\n\n<figure class=\"wp-block-image size-large\"><img loading=\"lazy\" decoding=\"async\" width=\"851\" height=\"1024\" src=\"https:\/\/vtheater.net\/wp-content\/uploads\/2024\/05\/bjoern_marcel-851x1024.jpg\" alt=\"\" class=\"wp-image-522\" srcset=\"https:\/\/vtheater.net\/wp-content\/uploads\/2024\/05\/bjoern_marcel-851x1024.jpg 851w, https:\/\/vtheater.net\/wp-content\/uploads\/2024\/05\/bjoern_marcel-249x300.jpg 249w, https:\/\/vtheater.net\/wp-content\/uploads\/2024\/05\/bjoern_marcel-768x924.jpg 768w, https:\/\/vtheater.net\/wp-content\/uploads\/2024\/05\/bjoern_marcel-1276x1536.jpg 1276w, https:\/\/vtheater.net\/wp-content\/uploads\/2024\/05\/bjoern_marcel-1140x1372.jpg 1140w, https:\/\/vtheater.net\/wp-content\/uploads\/2024\/05\/bjoern_marcel.jpg 1642w\" sizes=\"auto, (max-width: 851px) 100vw, 851px\" \/><\/figure>\n\n\n\n<p>Laut &#8222;Theater der Zeit&#8220; zeichnen sich die beiden durch &#8222;eine wohl einzigartige Mischung aus Technikaffinit\u00e4t, Pioniergeist, Pragmatismus und Liebe zum Theater&#8220; aus. Angetrieben von Neugierde und dem Glauben an eine gro\u00dfe Zukunft des Theaters, sind sie Experten f\u00fcr die digitale Erforschung von Theatertraditionen. <br>Ihre Arbeiten werden international in Theatern, Festivals und Galerien gezeigt.<\/p>\n\n\n\n<p>Marcel Karnapke und Bj\u00f6rn Lengers finden sich 2016 aufgrund einer gemeinsamen Faszination f\u00fcr die M\u00f6glichkeiten Virtueller Realit\u00e4t (VR) im Theater zusammen. Nach dem ersten Prototypen &#8222;Die CyberR\u00e4uber&#8220; nach Schiller, dem Versuch, klassisches Theater in VR erlebbar zu machen, machen sie in der Folge mit Projekten, die Theater in digitale Welten verlegen oder die digitalen Welten auf die B\u00fchnen holen, von sich reden. Im Laufe der Zeit entstehen Werke im Sprech-, Kinder-, Jugend-, Tanz- und Musiktheater, f\u00fcr Bildungsinstitutionen und Ausstellungsr\u00e4ume; Arbeiten mit ganz unterschiedlicher technologischer Basis: VR, Augmented Reality, Mixed Reality, Webprojekte, 360\u00b0-Film, mobile App, Festivalplattformen und zuletzt mit immer st\u00e4rkerem Fokus auf K\u00fcnstliche Intelligenz. Sie selbst bezeichnen dies als <em>digital performing arts<\/em>.<\/p>\n","protected":false},"excerpt":{"rendered":"<p class=\"post-excerpt\">Marcel Karnapke und Bj\u00f6rn Lengers arbeiten seit 2016 unter dem Namen CyberR\u00e4uber als digital performing arts collective zusammen. Laut &#8222;Theater&#8230;<\/p>\n","protected":false},"author":1,"featured_media":0,"parent":0,"menu_order":0,"comment_status":"closed","ping_status":"closed","template":"","meta":{"footnotes":""},"class_list":["post-8","page","type-page","status-publish","hentry"],"_links":{"self":[{"href":"https:\/\/vtheater.net\/index.php\/wp-json\/wp\/v2\/pages\/8","targetHints":{"allow":["GET"]}}],"collection":[{"href":"https:\/\/vtheater.net\/index.php\/wp-json\/wp\/v2\/pages"}],"about":[{"href":"https:\/\/vtheater.net\/index.php\/wp-json\/wp\/v2\/types\/page"}],"author":[{"embeddable":true,"href":"https:\/\/vtheater.net\/index.php\/wp-json\/wp\/v2\/users\/1"}],"replies":[{"embeddable":true,"href":"https:\/\/vtheater.net\/index.php\/wp-json\/wp\/v2\/comments?post=8"}],"version-history":[{"count":14,"href":"https:\/\/vtheater.net\/index.php\/wp-json\/wp\/v2\/pages\/8\/revisions"}],"predecessor-version":[{"id":546,"href":"https:\/\/vtheater.net\/index.php\/wp-json\/wp\/v2\/pages\/8\/revisions\/546"}],"wp:attachment":[{"href":"https:\/\/vtheater.net\/index.php\/wp-json\/wp\/v2\/media?parent=8"}],"curies":[{"name":"wp","href":"https:\/\/api.w.org\/{rel}","templated":true}]}}